{"id":176,"date":"2021-12-16T17:09:50","date_gmt":"2021-12-16T16:09:50","guid":{"rendered":"https:\/\/iprospectgmp.dk\/?page_id=176"},"modified":"2024-02-26T18:02:35","modified_gmt":"2024-02-26T18:02:35","slug":"home","status":"publish","type":"page","link":"https:\/\/gmp.iprospect.com\/sv\/","title":{"rendered":"Google Marketing Platform (GMP) | iProspect &amp; Merkle"},"content":{"rendered":"<p>[et_pb_section fb_built=&#8221;1&#8243; _builder_version=&#8221;4.16&#8243; _module_preset=&#8221;default&#8221; global_colors_info=&#8221;{}&#8221;][et_pb_row column_structure=&#8221;1_2,1_2&#8243; _builder_version=&#8221;4.16&#8243; _module_preset=&#8221;default&#8221; global_colors_info=&#8221;{}&#8221;][et_pb_column type=&#8221;1_2&#8243; _builder_version=&#8221;4.16&#8243; _module_preset=&#8221;default&#8221; global_colors_info=&#8221;{}&#8221;][et_pb_text _builder_version=&#8221;4.16&#8243; _module_preset=&#8221;default&#8221; global_colors_info=&#8221;{}&#8221;]<\/p>\n<h1 class=\"jumbotron-heading\">Licens och utbildning f\u00f6r Google Marketing Platform<\/h1>\n<p>[\/et_pb_text][et_pb_text _builder_version=&#8221;4.16&#8243; _module_preset=&#8221;default&#8221; global_colors_info=&#8221;{}&#8221;]<\/p>\n<p class=\"lead text-muted\">I den cookiefria framtid som kommer allt n\u00e4rmare \u00e4r det avg\u00f6rande att ligga i framkant inom digital marknadsf\u00f6ring. Uppt\u00e4ck hur GMP kan f\u00f6renkla &amp; f\u00f6rfina er digitala n\u00e4rvaro med Dentsus licensierade Google Partners, iProspect &amp; Merkle.<\/p>\n<p>[\/et_pb_text][et_pb_button button_url=&#8221;https:\/\/gmp.iprospect.com\/sv\/#contact&#8221; button_text=&#8221;Kontakta oss&#8221; _builder_version=&#8221;4.17.4&#8243; _module_preset=&#8221;default&#8221; global_colors_info=&#8221;{}&#8221;][\/et_pb_button][\/et_pb_column][et_pb_column type=&#8221;1_2&#8243; _builder_version=&#8221;4.16&#8243; _module_preset=&#8221;default&#8221; global_colors_info=&#8221;{}&#8221;][et_pb_image src=&#8221;https:\/\/gmp.iprospect.com\/sv\/wp-content\/uploads\/sites\/6\/2022\/05\/Technology-dentsu-21-1.jpg&#8221; title_text=&#8221;Technology-dentsu-21&#8243; _builder_version=&#8221;4.16&#8243; _module_preset=&#8221;default&#8221; width=&#8221;100%&#8221; max_width=&#8221;100%&#8221; module_alignment=&#8221;center&#8221; custom_margin=&#8221;||||false|false&#8221; custom_padding=&#8221;||||false|false&#8221; global_colors_info=&#8221;{}&#8221;][\/et_pb_image][\/et_pb_column][\/et_pb_row][et_pb_row _builder_version=&#8221;4.16&#8243; _module_preset=&#8221;default&#8221; global_colors_info=&#8221;{}&#8221;][et_pb_column type=&#8221;4_4&#8243; _builder_version=&#8221;4.16&#8243; _module_preset=&#8221;default&#8221; global_colors_info=&#8221;{}&#8221;][et_pb_icon font_icon=&#8221;&#xf103;||fa||900&#8243; icon_width=&#8221;36px&#8221; url=&#8221;#Google_marketing_Platform&#8221; _builder_version=&#8221;4.16&#8243; _module_preset=&#8221;default&#8221; animation_style=&#8221;bounce&#8221; animation_duration=&#8221;4000ms&#8221; animation_starting_opacity=&#8221;100%&#8221; animation_speed_curve=&#8221;ease-out&#8221; animation_repeat=&#8221;loop&#8221; global_colors_info=&#8221;{}&#8221;][\/et_pb_icon][\/et_pb_column][\/et_pb_row][\/et_pb_section][et_pb_section fb_built=&#8221;1&#8243; admin_label=&#8221;LINKS TIL GMP PRODUKTER&#8221; _builder_version=&#8221;4.16&#8243; _module_preset=&#8221;default&#8221; background_color=&#8221;#f4f4f4&#8243; global_colors_info=&#8221;{}&#8221;][et_pb_row _builder_version=&#8221;4.16&#8243; _module_preset=&#8221;default&#8221; global_colors_info=&#8221;{}&#8221;][et_pb_column type=&#8221;4_4&#8243; _builder_version=&#8221;4.16&#8243; _module_preset=&#8221;default&#8221; global_colors_info=&#8221;{}&#8221;][et_pb_text _builder_version=&#8221;4.16&#8243; _module_preset=&#8221;default&#8221; global_colors_info=&#8221;{}&#8221;]<\/p>\n<h2 class=\"jumbotron-heading\" id=\"Google_marketing_Platform\">Vad ing\u00e5r i Google Marketing Platform?<\/h2>\n<p class=\"lead text-muted\">Som Google Sales Partner erbjuder vi dig en f\u00f6retagslicens f\u00f6r dina favoritprodukter fr\u00e5n Google Marketing Platform. Med en f\u00f6retagslicens f\u00e5r du m\u00f6jligheten att \u00e4ga din egen data f\u00f6r din MarTech Stack.<\/p>\n<p>[\/et_pb_text][\/et_pb_column][\/et_pb_row][et_pb_row column_structure=&#8221;1_3,1_3,1_3&#8243; _builder_version=&#8221;4.16&#8243; _module_preset=&#8221;default&#8221; global_colors_info=&#8221;{}&#8221;][et_pb_column type=&#8221;1_3&#8243; _builder_version=&#8221;4.16&#8243; _module_preset=&#8221;default&#8221; global_colors_info=&#8221;{}&#8221;][et_pb_text admin_label=&#8221;Campaign Manger&#8221; _builder_version=&#8221;4.16&#8243; _dynamic_attributes=&#8221;link_option_url&#8221; _module_preset=&#8221;default&#8221; background_color=&#8221;RGBA(255,255,255,0)&#8221; height=&#8221;360px&#8221; custom_margin=&#8221;||||false|true&#8221; custom_padding=&#8221;5px|5px|5px|5px|true|true&#8221; hover_transition_speed_curve=&#8221;ease-in-out&#8221; link_option_url=&#8221;@ET-DC@eyJkeW5hbWljIjp0cnVlLCJjb250ZW50IjoicG9zdF9saW5rX3VybF9wYWdlIiwic2V0dGluZ3MiOnsicG9zdF9pZCI6IjM4OSJ9fQ==@&#8221; background_last_edited=&#8221;off|desktop&#8221; border_radii=&#8221;on|5px|5px|5px|5px&#8221; border_width_all=&#8221;1px&#8221; border_color_all=&#8221;#3EC780&#8243; border_style_all=&#8221;solid&#8221; border_width_all_last_edited=&#8221;off|desktop&#8221; box_shadow_style=&#8221;preset1&#8243; box_shadow_color=&#8221;#F4E9DB&#8221; global_colors_info=&#8221;{}&#8221; background__hover_enabled=&#8221;off|hover&#8221; background_color__hover=&#8221;RGBA(255,255,255,0)&#8221; background_enable_color__hover=&#8221;on&#8221; border_radii__hover_enabled=&#8221;off|desktop&#8221; border_radii__hover=&#8221;on|10px|10px|10px|10px&#8221; border_width_all__hover_enabled=&#8221;on|hover&#8221; border_color_all__hover_enabled=&#8221;off|desktop&#8221; border_color_all__hover=&#8221;#000000&#8243; box_shadow_color__hover_enabled=&#8221;on|hover&#8221; box_shadow_color__hover=&#8221;#000000&#8243; border_width_all__hover=&#8221;1px&#8221;]<\/p>\n<p><img loading=\"lazy\" src=\"http:\/\/iprospectgmp.dk\/wp-content\/uploads\/2021\/12\/Campaign_Manager_logo_500x500-150x150.png\" width=\"100\" height=\"100\" alt=\"Campaign Manager Logo 500x500\" class=\"wp-image-533 aligncenter size-thumbnail\" \/><\/p>\n<h3>Campaign Manager<\/h3>\n<p>Campaign Manager \u00e4r en adserver. Det \u00e4r ett verktyg f\u00f6r att hantera dina annonser p\u00e5 ett och samma st\u00e4lle, s\u00e5 att de kan visas f\u00f6r anv\u00e4ndare p\u00e5 olika plattformar och n\u00e4tverk.<\/p>\n<p>[\/et_pb_text][et_pb_text _builder_version=&#8221;4.16&#8243; _dynamic_attributes=&#8221;link_option_url&#8221; _module_preset=&#8221;default&#8221; height=&#8221;360px&#8221; custom_margin=&#8221;||||true|true&#8221; custom_padding=&#8221;5px|5px|5px|5px|true|true&#8221; link_option_url=&#8221;@ET-DC@eyJkeW5hbWljIjp0cnVlLCJjb250ZW50IjoicG9zdF9saW5rX3VybF9wYWdlIiwic2V0dGluZ3MiOnsicG9zdF9pZCI6IjQyMyJ9fQ==@&#8221; border_radii=&#8221;on|5px|5px|5px|5px&#8221; border_width_all=&#8221;1px&#8221; border_color_all=&#8221;#3ec780&#8243; box_shadow_style=&#8221;preset1&#8243; box_shadow_color=&#8221;#F4E9DB&#8221; global_colors_info=&#8221;{}&#8221; box_shadow_color__hover_enabled=&#8221;on|hover&#8221; box_shadow_color__hover=&#8221;#000000&#8243;]<\/p>\n<h3><img loading=\"lazy\" src=\"http:\/\/iprospectgmp.dk\/wp-content\/uploads\/2021\/12\/Google_Search_Ads_360_logo_500x500-150x150.png\" width=\"100\" height=\"100\" alt=\"Google Search Ads 360 Logo 500x500\" class=\"wp-image-536 aligncenter size-thumbnail\" \/><\/h3>\n<h3>Search Ads 360<\/h3>\n<p>Search Ads 360 \u00e4r Googles s\u00f6kmotorshanterare som hj\u00e4lper dig att k\u00f6ra PPC-kampanjer i AdWords, Bing, Yahoo, Yandex med mera.<\/p>\n<p>[\/et_pb_text][\/et_pb_column][et_pb_column type=&#8221;1_3&#8243; _builder_version=&#8221;4.16&#8243; _module_preset=&#8221;default&#8221; global_colors_info=&#8221;{}&#8221;][et_pb_text admin_label=&#8221;DV360&#8243; _builder_version=&#8221;4.16&#8243; _dynamic_attributes=&#8221;link_option_url&#8221; _module_preset=&#8221;default&#8221; height=&#8221;360px&#8221; custom_margin=&#8221;||||true|true&#8221; custom_padding=&#8221;5px|5px|5px|5px|true|true&#8221; link_option_url=&#8221;@ET-DC@eyJkeW5hbWljIjp0cnVlLCJjb250ZW50IjoicG9zdF9saW5rX3VybF9wYWdlIiwic2V0dGluZ3MiOnsicG9zdF9pZCI6IjQxMyJ9fQ==@&#8221; border_radii=&#8221;on|5px|5px|5px|5px&#8221; border_width_all=&#8221;1px&#8221; border_color_all=&#8221;#3ec780&#8243; box_shadow_style=&#8221;preset1&#8243; box_shadow_color=&#8221;RGBA(255,255,255,0)&#8221; global_colors_info=&#8221;{}&#8221; box_shadow_color__hover_enabled=&#8221;on|hover&#8221; box_shadow_color__hover=&#8221;#000000&#8243;]<\/p>\n<p><img loading=\"lazy\" src=\"http:\/\/iprospectgmp.dk\/wp-content\/uploads\/2021\/12\/DV360_logo_500x500-271x300.png\" width=\"93\" height=\"93\" alt=\"DV360 Logo 500x500\" class=\"wp-image-534 aligncenter size-medium\" \/><\/p>\n<h3>Display &amp; Video 360<\/h3>\n<p class=\"card-text\">Display &amp; Video 360 \u00e4r Googles demand-side-platform f\u00f6r programmatiska mediak\u00f6p. Den anv\u00e4nds av annons\u00f6rer och marknadsf\u00f6rare f\u00f6r att aktivera mediak\u00f6p med h\u00f6g tr\u00e4ffs\u00e4kerhet och kontroll.<\/p>\n<p>&nbsp;<\/p>\n<p>[\/et_pb_text][et_pb_text _builder_version=&#8221;4.16&#8243; _dynamic_attributes=&#8221;link_option_url&#8221; _module_preset=&#8221;default&#8221; height=&#8221;360px&#8221; custom_margin=&#8221;||||true|true&#8221; custom_padding=&#8221;5px|5px|5px|5px|true|true&#8221; link_option_url=&#8221;@ET-DC@eyJkeW5hbWljIjp0cnVlLCJjb250ZW50IjoicG9zdF9saW5rX3VybF9wYWdlIiwic2V0dGluZ3MiOnsicG9zdF9pZCI6IjQyOCJ9fQ==@&#8221; border_radii=&#8221;on|5px|5px|5px|5px&#8221; border_width_all=&#8221;1px&#8221; border_color_all=&#8221;#3ec780&#8243; box_shadow_style=&#8221;preset1&#8243; box_shadow_color=&#8221;#F4E9DB&#8221; global_colors_info=&#8221;{}&#8221; box_shadow_color__hover_enabled=&#8221;on|hover&#8221; box_shadow_color__hover=&#8221;#000000&#8243;]<\/p>\n<h3><img loading=\"lazy\" src=\"http:\/\/iprospectgmp.dk\/wp-content\/uploads\/2021\/12\/Google_tag_manager_360_logo_500x500-150x150.png\" width=\"100\" height=\"100\" alt=\"Google Tag Manager 360 Logo 500x500\" class=\"wp-image-537 aligncenter size-thumbnail\" \/><\/h3>\n<h3>Tag Manager 360<\/h3>\n<p class=\"card-text\">Google Tag Manager g\u00f6r det enkelt f\u00f6r dig att hantera taggar p\u00e5 din hemsida.<\/p>\n<p>[\/et_pb_text][\/et_pb_column][et_pb_column type=&#8221;1_3&#8243; _builder_version=&#8221;4.16&#8243; _module_preset=&#8221;default&#8221; global_colors_info=&#8221;{}&#8221;][et_pb_text admin_label=&#8221;GA360&#8243; _builder_version=&#8221;4.16&#8243; _dynamic_attributes=&#8221;link_option_url&#8221; _module_preset=&#8221;default&#8221; height=&#8221;360px&#8221; custom_margin=&#8221;||||true|true&#8221; custom_padding=&#8221;5px|5px|5px|5px|true|true&#8221; link_option_url=&#8221;@ET-DC@eyJkeW5hbWljIjp0cnVlLCJjb250ZW50IjoicG9zdF9saW5rX3VybF9wYWdlIiwic2V0dGluZ3MiOnsicG9zdF9pZCI6IjQxOCJ9fQ==@&#8221; border_radii=&#8221;on|5px|5px|5px|5px&#8221; border_width_all=&#8221;1px&#8221; border_color_all=&#8221;#3ec780&#8243; box_shadow_style=&#8221;preset1&#8243; box_shadow_color=&#8221;#F4E9DB&#8221; global_colors_info=&#8221;{}&#8221; box_shadow_color__hover_enabled=&#8221;on|hover&#8221; box_shadow_color__hover=&#8221;#000000&#8243;]<\/p>\n<p><img loading=\"lazy\" src=\"http:\/\/iprospectgmp.dk\/wp-content\/uploads\/2021\/12\/Google_analytics_360_logo_500x500-150x150.png\" width=\"100\" height=\"100\" alt=\"Google Analytics 360 Logo 500x500\" class=\"wp-image-535 aligncenter size-thumbnail\" \/><\/p>\n<h3>Analytics 360<\/h3>\n<p class=\"card-text\">GA 360 \u00e4r din one-stop-shop f\u00f6r att analysera resultaten av hela verksamhetens digitala n\u00e4rvaro.<\/p>\n<p>[\/et_pb_text][\/et_pb_column][\/et_pb_row][\/et_pb_section][et_pb_section fb_built=&#8221;1&#8243; fullwidth=&#8221;on&#8221; disabled_on=&#8221;on|on|on&#8221; admin_label=&#8221;Our Services &#038; Products&#8221; _builder_version=&#8221;4.16&#8243; _module_preset=&#8221;default&#8221; background_enable_image=&#8221;off&#8221; disabled=&#8221;on&#8221; global_colors_info=&#8221;{}&#8221;][\/et_pb_section]<\/p>\n","protected":false},"excerpt":{"rendered":"<p>Licens och utbildning f\u00f6r Google Marketing PlatformI den cookiefria framtid som kommer allt n\u00e4rmare \u00e4r det avg\u00f6rande att ligga i framkant inom digital marknadsf\u00f6ring. Uppt\u00e4ck hur GMP kan f\u00f6renkla &amp; f\u00f6rfina er digitala n\u00e4rvaro med Dentsus licensierade Google Partners, iProspect &amp; Merkle.Vad ing\u00e5r i Google Marketing Platform? Som Google Sales Partner erbjuder vi dig en [&hellip;]<\/p>\n","protected":false},"author":2,"featured_media":0,"parent":0,"menu_order":0,"comment_status":"closed","ping_status":"closed","template":"","meta":{"_et_pb_use_builder":"on","_et_pb_old_content":"","_et_gb_content_width":""},"_links":{"self":[{"href":"https:\/\/gmp.iprospect.com\/sv\/wp-json\/wp\/v2\/pages\/176"}],"collection":[{"href":"https:\/\/gmp.iprospect.com\/sv\/wp-json\/wp\/v2\/pages"}],"about":[{"href":"https:\/\/gmp.iprospect.com\/sv\/wp-json\/wp\/v2\/types\/page"}],"author":[{"embeddable":true,"href":"https:\/\/gmp.iprospect.com\/sv\/wp-json\/wp\/v2\/users\/2"}],"replies":[{"embeddable":true,"href":"https:\/\/gmp.iprospect.com\/sv\/wp-json\/wp\/v2\/comments?post=176"}],"version-history":[{"count":8,"href":"https:\/\/gmp.iprospect.com\/sv\/wp-json\/wp\/v2\/pages\/176\/revisions"}],"predecessor-version":[{"id":881,"href":"https:\/\/gmp.iprospect.com\/sv\/wp-json\/wp\/v2\/pages\/176\/revisions\/881"}],"wp:attachment":[{"href":"https:\/\/gmp.iprospect.com\/sv\/wp-json\/wp\/v2\/media?parent=176"}],"curies":[{"name":"wp","href":"https:\/\/api.w.org\/{rel}","templated":true}]}}