{"id":413,"date":"2021-12-20T13:42:02","date_gmt":"2021-12-20T12:42:02","guid":{"rendered":"https:\/\/iprospectgmp.dk\/?page_id=413"},"modified":"2023-12-11T14:46:56","modified_gmt":"2023-12-11T14:46:56","slug":"display-video-360","status":"publish","type":"page","link":"https:\/\/gmp.iprospect.com\/sv\/display-video-360\/","title":{"rendered":"Display &amp; Video 360"},"content":{"rendered":"<p>[et_pb_section fb_built=&#8221;1&#8243; admin_label=&#8221;Category_Header&#8221; _builder_version=&#8221;4.16&#8243; _module_preset=&#8221;default&#8221; global_colors_info=&#8221;{}&#8221;][et_pb_row column_structure=&#8221;3_5,2_5&#8243; _builder_version=&#8221;4.16&#8243; _module_preset=&#8221;default&#8221; global_colors_info=&#8221;{}&#8221;][et_pb_column type=&#8221;3_5&#8243; _builder_version=&#8221;4.16&#8243; _module_preset=&#8221;default&#8221; global_colors_info=&#8221;{}&#8221;][et_pb_text _builder_version=&#8221;4.17.4&#8243; _module_preset=&#8221;default&#8221; global_colors_info=&#8221;{}&#8221;]<\/p>\n<h1>Display &amp; Video 360<\/h1>\n<p class=\"card-text\">DV360 kan hj\u00e4lpa dig att f\u00f6rverkliga dina skr\u00e4ddarsydda, digitala kampanjer och att n\u00e5 dina utvalda m\u00e5lgrupper.<\/p>\n<p>[\/et_pb_text][et_pb_button button_url=&#8221;#contact&#8221; button_text=&#8221;Kontakta oss&#8221; _builder_version=&#8221;4.17.4&#8243; _module_preset=&#8221;default&#8221; global_colors_info=&#8221;{}&#8221;][\/et_pb_button][\/et_pb_column][et_pb_column type=&#8221;2_5&#8243; _builder_version=&#8221;4.16&#8243; _module_preset=&#8221;default&#8221; global_colors_info=&#8221;{}&#8221;][et_pb_image src=&#8221;http:\/\/iprospectgmp.dk\/wp-content\/uploads\/2021\/12\/DV360_logo_500x500-271&#215;300.png&#8221; alt=&#8221;DV360 Logo 500&#215;500&#8243; title_text=&#8221;DV360_logo_500x500&#8243; _builder_version=&#8221;4.16&#8243; _module_preset=&#8221;default&#8221; global_colors_info=&#8221;{}&#8221;][\/et_pb_image][\/et_pb_column][\/et_pb_row][\/et_pb_section][et_pb_section fb_built=&#8221;1&#8243; admin_label=&#8221;Category_Body&#8221; _builder_version=&#8221;4.16&#8243; _module_preset=&#8221;default&#8221; custom_padding=&#8221;1px|||||&#8221; global_colors_info=&#8221;{}&#8221;][et_pb_row _builder_version=&#8221;4.16&#8243; _module_preset=&#8221;default&#8221; global_colors_info=&#8221;{}&#8221;][et_pb_column type=&#8221;4_4&#8243; _builder_version=&#8221;4.16&#8243; _module_preset=&#8221;default&#8221; global_colors_info=&#8221;{}&#8221;][et_pb_text _builder_version=&#8221;4.16&#8243; _module_preset=&#8221;default&#8221; global_colors_info=&#8221;{}&#8221;]<\/p>\n<h2><strong>Vad \u00e4r Display &amp; Video 360 (DV360)?<\/strong><\/h2>\n<p>Display &amp; Video 360 (DV360) \u00e4r v\u00e4rldens st\u00f6rsta Demand Side Platform (DSP). Display and Video 360 \u00e4r Googles demand-side-platform f\u00f6r programmatiska mediak\u00f6p. Det m\u00f6jligg\u00f6r f\u00f6r annons\u00f6rer och marknadsf\u00f6rare att aktivera mediak\u00f6p med h\u00f6g tr\u00e4ffs\u00e4kerhet och kontroll.<\/p>\n<p>DV360 \u00e4r ett anv\u00e4ndbart verktyg f\u00f6r att planera, optimera och bygga programmatiska kampanjer f\u00f6r Online video, Display, Native och Audio. Med DV360 kan du som annons\u00f6r hantera allt fr\u00e5n vilken m\u00e5lgrupp dina annonser ska riktas mot till vilken tid p\u00e5 dygnet de ska visas.<\/p>\n<h2><strong>F\u00f6rdelar med Display &amp; Video 360?<\/strong><\/h2>\n<p>DV360 best\u00e5r av fem integrerade moduler som arbetar tillsammans f\u00f6r att underl\u00e4tta hanteringen av dina kampanjer: <strong>Campaigns<\/strong>, <strong>Audiences<\/strong>, <strong>Creatives<\/strong>, <strong>Inventory<\/strong> och <strong>Insights<\/strong>.<\/p>\n<p><strong>Campaigns<\/strong> l\u00e5ter dig bygga och hantera din medieplan \u00f6ver flera plattformar och kanaler. H\u00e4r kan du t.ex. v\u00e4lja var dina annonser ska visas och st\u00e4lla in budgetar. Genom att anv\u00e4nda den kombinerade visningsfunktionen kan du se alla komponenter i kampanjen p\u00e5 ett st\u00e4lle. Detta g\u00f6r det enklare f\u00f6r dig att h\u00e5lla koll p\u00e5 kampanjens prestanda och utifr\u00e5n detta optimera kampanjen l\u00f6pande.<\/p>\n<p>Modulen <strong>Insights<\/strong> \u00e4r en f\u00f6rl\u00e4ngning av detta, eftersom den \u00e4ven ger insikt i kampanjens prestanda, men dessutom ger all n\u00f6dv\u00e4ndig data i realtid. Du har \u00e4ven m\u00f6jlighet att skapa tabeller och grafer direkt i modulen utifr\u00e5n tillg\u00e4nglig data.<\/p>\n<p><strong>Audience<\/strong>-modulen anv\u00e4nds f\u00f6r att bygga och hantera m\u00e5lgrupper f\u00f6r dina kampanjer. Du kan t.ex. f\u00e5 relevanta insikter i sammans\u00e4ttningen av dina m\u00e5lgrupper genom en m\u00e5lgruppsanalys baserad p\u00e5 all tillg\u00e4nglig f\u00f6rstapartsdata (floodlights) och Google-data. Dessutom l\u00e5ter den aktivitetsbaserade m\u00e5lgruppsfunktionen dig s\u00e4tta ihop din m\u00e5lgrupp baserat p\u00e5 anv\u00e4ndarnas aktiviteter, s\u00e5 att du antingen riktar in eller utesluter anv\u00e4ndare baserat p\u00e5 deras engagemang i tidigare kampanjer. Detta \u00e4r s\u00e4rskilt anv\u00e4ndbart f\u00f6r att \u00f6ka antalet konverteringar och d\u00e4rmed optimera dina kampanjer s\u00e5 mycket som m\u00f6jligt.<\/p>\n<p>Modulen <strong>Creatives<\/strong> hj\u00e4lper till att kombinera din kreativa strategi med din data och din medieplan. Det \u00e4r till exempel m\u00f6jligt att skapa olika varianter av en annons som kan riktas mot olika m\u00e5lgrupper. Slutligen kan du visuellt designa dina annonser och testa dem innan du skickar dem till m\u00e5lgruppen.<\/p>\n<p>Modulen <strong>Inventory<\/strong> g\u00f6r det m\u00f6jligt att utforska och hantera digitalt inventory i media. Du kan d\u00e4rmed f\u00f6rhandla direkt med medierna och samtidigt \u00e4r du garanterad att dina annonser inte visas p\u00e5 sidor som kan vara skadliga f\u00f6r ditt varum\u00e4rke. Dessutom \u00e4r du skyddad fr\u00e5n bedr\u00e4gerier s\u00e5 att du inte l\u00e4gger pengar och m\u00f6da p\u00e5 ogiltiga klick.<\/p>\n<h2><strong>Varf\u00f6r v\u00e4lja Display &amp; Video 360?<\/strong><\/h2>\n<p><span data-contrast=\"auto\">DV360 kan hj\u00e4lpa dig att f\u00f6rverkliga dina skr\u00e4ddarsydda digitala kampanjer och n\u00e5 din f\u00f6redragna m\u00e5lgrupp. Med de olika modulerna har du m\u00f6jlighet att best\u00e4mma dina budgetar, v\u00e4lja dina m\u00e5lgrupper, f\u00e5 inblick i v\u00e4sentlig data, testa kreativa id\u00e9er, f\u00f6rhandla direkt med media och mycket mer. I samspelet mellan dessa moduler uppst\u00e5r ett extremt anv\u00e4ndbart verktyg f\u00f6r att f\u00e5 liv i dina programmatiska kampanjer. <\/span><span data-ccp-props=\"{&quot;201341983&quot;:0,&quot;335559739&quot;:160,&quot;335559740&quot;:240}\">\u00a0<\/span><\/p>\n<p>[\/et_pb_text][et_pb_button button_url=&#8221;#contact&#8221; button_text=&#8221;F\u00e5 ett kostnadsfritt erbjudande f\u00f6r Display &amp; Video 360-licens&#8221; _builder_version=&#8221;4.17.4&#8243; _module_preset=&#8221;default&#8221; global_colors_info=&#8221;{}&#8221;][\/et_pb_button][\/et_pb_column][\/et_pb_row][\/et_pb_section]<\/p>\n","protected":false},"excerpt":{"rendered":"<p>Display &amp; Video 360 DV360 kan hj\u00e4lpa dig att f\u00f6rverkliga dina skr\u00e4ddarsydda, digitala kampanjer och att n\u00e5 dina utvalda m\u00e5lgrupper.Vad \u00e4r Display &amp; Video 360 (DV360)? Display &amp; Video 360 (DV360) \u00e4r v\u00e4rldens st\u00f6rsta Demand Side Platform (DSP). Display and Video 360 \u00e4r Googles demand-side-platform f\u00f6r programmatiska mediak\u00f6p. Det m\u00f6jligg\u00f6r f\u00f6r annons\u00f6rer och marknadsf\u00f6rare att [&hellip;]<\/p>\n","protected":false},"author":2,"featured_media":0,"parent":0,"menu_order":0,"comment_status":"closed","ping_status":"closed","template":"","meta":{"_et_pb_use_builder":"on","_et_pb_old_content":"","_et_gb_content_width":""},"_links":{"self":[{"href":"https:\/\/gmp.iprospect.com\/sv\/wp-json\/wp\/v2\/pages\/413"}],"collection":[{"href":"https:\/\/gmp.iprospect.com\/sv\/wp-json\/wp\/v2\/pages"}],"about":[{"href":"https:\/\/gmp.iprospect.com\/sv\/wp-json\/wp\/v2\/types\/page"}],"author":[{"embeddable":true,"href":"https:\/\/gmp.iprospect.com\/sv\/wp-json\/wp\/v2\/users\/2"}],"replies":[{"embeddable":true,"href":"https:\/\/gmp.iprospect.com\/sv\/wp-json\/wp\/v2\/comments?post=413"}],"version-history":[{"count":8,"href":"https:\/\/gmp.iprospect.com\/sv\/wp-json\/wp\/v2\/pages\/413\/revisions"}],"predecessor-version":[{"id":880,"href":"https:\/\/gmp.iprospect.com\/sv\/wp-json\/wp\/v2\/pages\/413\/revisions\/880"}],"wp:attachment":[{"href":"https:\/\/gmp.iprospect.com\/sv\/wp-json\/wp\/v2\/media?parent=413"}],"curies":[{"name":"wp","href":"https:\/\/api.w.org\/{rel}","templated":true}]}}