{"id":418,"date":"2021-12-20T13:45:10","date_gmt":"2021-12-20T12:45:10","guid":{"rendered":"https:\/\/iprospectgmp.dk\/?page_id=418"},"modified":"2024-07-09T07:48:29","modified_gmt":"2024-07-09T07:48:29","slug":"analytics-360","status":"publish","type":"page","link":"https:\/\/gmp.iprospect.com\/sv\/analytics-360\/","title":{"rendered":"Analytics 360"},"content":{"rendered":"<p>[et_pb_section fb_built=&#8221;1&#8243; admin_label=&#8221;Category_Header&#8221; _builder_version=&#8221;4.16&#8243; _module_preset=&#8221;default&#8221; global_colors_info=&#8221;{}&#8221;][et_pb_row column_structure=&#8221;3_5,2_5&#8243; _builder_version=&#8221;4.16&#8243; _module_preset=&#8221;default&#8221; global_colors_info=&#8221;{}&#8221;][et_pb_column type=&#8221;3_5&#8243; _builder_version=&#8221;4.16&#8243; _module_preset=&#8221;default&#8221; global_colors_info=&#8221;{}&#8221;][et_pb_text _builder_version=&#8221;4.16&#8243; _module_preset=&#8221;default&#8221; global_colors_info=&#8221;{}&#8221;]<\/p>\n<h1>Google Analytics 360<\/h1>\n<p class=\"card-text\">Analytics 360 \u00e4r anv\u00e4ndbart om du vill f\u00e5 insikt i alla typer av data om vad dina anv\u00e4ndare g\u00f6r p\u00e5 dina hemsidor, digitala kampanjer och i dina appar.<\/p>\n<p>[\/et_pb_text][et_pb_button button_url=&#8221;#contact&#8221; button_text=&#8221;Kontakta oss&#8221; _builder_version=&#8221;4.17.4&#8243; _module_preset=&#8221;default&#8221; global_colors_info=&#8221;{}&#8221;][\/et_pb_button][\/et_pb_column][et_pb_column type=&#8221;2_5&#8243; _builder_version=&#8221;4.16&#8243; _module_preset=&#8221;default&#8221; global_colors_info=&#8221;{}&#8221;][et_pb_image src=&#8221;http:\/\/iprospectgmp.dk\/wp-content\/uploads\/2021\/12\/Google_analytics_360_logo_500x500-300&#215;300.png&#8221; alt=&#8221;Google Analytics 360 Logo 500&#215;500&#8243; title_text=&#8221;Google Analytics 360 Logo 500&#215;500&#8243; _builder_version=&#8221;4.16&#8243; _module_preset=&#8221;default&#8221; global_colors_info=&#8221;{}&#8221;][\/et_pb_image][\/et_pb_column][\/et_pb_row][\/et_pb_section][et_pb_section fb_built=&#8221;1&#8243; admin_label=&#8221;Category_Body&#8221; _builder_version=&#8221;4.16&#8243; _module_preset=&#8221;default&#8221; custom_padding=&#8221;1px|||||&#8221; global_colors_info=&#8221;{}&#8221;][et_pb_row _builder_version=&#8221;4.16&#8243; _module_preset=&#8221;default&#8221; hover_enabled=&#8221;0&#8243; global_colors_info=&#8221;{}&#8221; sticky_enabled=&#8221;0&#8243;][et_pb_column type=&#8221;4_4&#8243; _builder_version=&#8221;4.16&#8243; _module_preset=&#8221;default&#8221; global_colors_info=&#8221;{}&#8221;][et_pb_text _builder_version=&#8221;4.16&#8243; _module_preset=&#8221;default&#8221; global_colors_info=&#8221;{}&#8221;]<\/p>\n<h2><strong>Vad \u00e4r Google Analytics 360 (GA360)?<\/strong><\/h2>\n<p><a href=\"https:\/\/www.merkle.se\/analys\/google-analytics-360\">Google Analytics 360 (GA 360)<\/a> eller 360 Analytics \u00e4r en del av Google Marketing Platform och \u00e4r till f\u00f6r att samla in data och insikter fr\u00e5n bes\u00f6kare p\u00e5 dina webbplatser och appar. Med Analytics 360 kan du analysera och m\u00e4ta data f\u00f6r att b\u00e4ttre f\u00f6rst\u00e5 vilka dina kunder \u00e4r och hur de interagerar med ditt varum\u00e4rke. Det \u00e4r allts\u00e5 fokus p\u00e5 konsumentbeteende hela v\u00e4gen genom kundresan \u2013 \u00e4nda fr\u00e5n f\u00f6rsta bes\u00f6ket till ett eventuellt k\u00f6p.<\/p>\n<h2><strong>F\u00f6rdelar med Google Analytics 360?<\/strong><\/h2>\n<p>Analytics 360 \u00e4r idealiskt om du vill f\u00e5 en st\u00f6rre f\u00f6rst\u00e5else f\u00f6r vad som \u00e4r utm\u00e4rkande f\u00f6r dina bes\u00f6kare och hur de anv\u00e4nder dina webbplatser och appar. Det kan ge dig v\u00e4rdefulla insikter om vilket inneh\u00e5ll som f\u00e5ngar anv\u00e4ndarna och i vilken utstr\u00e4ckning. Med den stora transparensen i relation till data \u00e4r det m\u00f6jligt att analysera varje kunds beteende vid olika ber\u00f6ringspunkter under deras kundresa.<\/p>\n<p>Med Analytics 360 kan du g\u00e5 rakt p\u00e5 sak och f\u00e5nga dina kunders aktiviteter inom olika parametrar, inklusive hur l\u00e5ng tid de spenderar p\u00e5 din webbplats, vilka flikar de klickar p\u00e5, vilka kanaler som leder dem till din webbplats med mera. Med denna djupare f\u00f6rst\u00e5else f\u00f6r dina kunders r\u00f6relser kan du enklare f\u00f6rb\u00e4ttra din kommunikation och ditt inneh\u00e5ll s\u00e5 att det m\u00f6ter din kund i precis r\u00e4tt tid. Och vad som ger \u00e4nnu mer v\u00e4rde: Alla dessa kundinsikter kan enkelt delas till hela ditt f\u00f6retag, s\u00e5 att b\u00e5de f\u00f6rs\u00e4ljning, marknadsavdelning och e-handel har den senaste informationen att basera sina beslut p\u00e5.<\/p>\n<p>En annan f\u00f6rdel med Analytics 360 \u00e4r den stora datakapaciteten. Med den kostnadsfria standardversionen av Google Analytics kan det ta upp till tv\u00e5 dagar innan din data bearbetas och g\u00f6rs tillg\u00e4nglig f\u00f6r dig. I 98 % av fallen kan Analytics 360 s\u00e4kerst\u00e4lla att din data \u00e4r tillg\u00e4nglig inom fyra timmar; en absolut n\u00f6dv\u00e4ndighet f\u00f6r ett f\u00f6retag som jobbar datadrivet.<\/p>\n<p>Dessutom kan Analytics 360 bearbeta miljarder tr\u00e4ffar per sekund per m\u00e5nad per webbplats i motsats till gratisversionen av Analytics, d\u00e4r gr\u00e4nsen \u00e4r 10 miljoner. Du uppn\u00e5r d\u00e4rmed st\u00f6rre datam\u00e4ngder och f\u00e5r d\u00e4rf\u00f6r ett st\u00f6rre spelrum med Analytics 360.<\/p>\n<p>Analytics 360 ger \u00e4ven tillg\u00e5ng till tekniska supportspecialister om du skulle st\u00f6ta p\u00e5 problem. Analytics 360 kommer med ett underliggande Service Level Agreement (SLA), som garanterar avancerad assistans fr\u00e5n ett team av experter samt en snabb svarstid.<\/p>\n<h2><strong>Varf\u00f6r v\u00e4lja Analytics 360?<\/strong><\/h2>\n<p>Analytics 360 \u00e4r anv\u00e4ndbart om du vill f\u00e5 insikt i alla typer av data om vad dina dina kunder g\u00f6r p\u00e5 dina hemsidor och i dina appar. Allt fr\u00e5n bes\u00f6kstid till konverteringar samlas in via Analytics 360 s\u00e5 att du ska kunna optimera ditt inneh\u00e5ll f\u00f6r den enskilda kunden. Med snabb insamling av betydande m\u00e4ngder data kan du bilda dig en komplett bild av vad som drar dina kunder till dina sidor och dessutom enkelt dela datan med ditt team. Skulle du ha otur och st\u00f6ta p\u00e5 tekniska problem st\u00e5r Analytics support redo att hj\u00e4lpa dig s\u00e5 att det kan l\u00f6sas snabbt och sm\u00e4rtfritt.<\/p>\n<p>[\/et_pb_text][\/et_pb_column][\/et_pb_row][et_pb_row column_structure=&#8221;1_2,1_2&#8243; _builder_version=&#8221;4.17.4&#8243; _module_preset=&#8221;default&#8221; global_colors_info=&#8221;{}&#8221;][et_pb_column type=&#8221;1_2&#8243; _builder_version=&#8221;4.17.4&#8243; _module_preset=&#8221;default&#8221; global_colors_info=&#8221;{}&#8221;][et_pb_button button_url=&#8221;@ET-DC@eyJkeW5hbWljIjp0cnVlLCJjb250ZW50IjoiaG9tZV91cmwiLCJzZXR0aW5ncyI6e319@&#8221; button_text=&#8221;F\u00e5 ett erbjudande p\u00e5 en licens till Analytics 360&#8243; _builder_version=&#8221;4.17.4&#8243; _dynamic_attributes=&#8221;button_url&#8221; _module_preset=&#8221;default&#8221; global_colors_info=&#8221;{}&#8221;][\/et_pb_button][\/et_pb_column][et_pb_column type=&#8221;1_2&#8243; _builder_version=&#8221;4.17.4&#8243; _module_preset=&#8221;default&#8221; global_colors_info=&#8221;{}&#8221;][\/et_pb_column][\/et_pb_row][\/et_pb_section]<\/p>\n","protected":false},"excerpt":{"rendered":"<p>Google Analytics 360 Analytics 360 \u00e4r anv\u00e4ndbart om du vill f\u00e5 insikt i alla typer av data om vad dina anv\u00e4ndare g\u00f6r p\u00e5 dina hemsidor, digitala kampanjer och i dina appar.Vad \u00e4r Google Analytics 360 (GA360)? Google Analytics 360 (GA 360) eller 360 Analytics \u00e4r en del av Google Marketing Platform och \u00e4r till f\u00f6r [&hellip;]<\/p>\n","protected":false},"author":2,"featured_media":0,"parent":0,"menu_order":0,"comment_status":"closed","ping_status":"closed","template":"","meta":{"_et_pb_use_builder":"on","_et_pb_old_content":"","_et_gb_content_width":""},"_links":{"self":[{"href":"https:\/\/gmp.iprospect.com\/sv\/wp-json\/wp\/v2\/pages\/418"}],"collection":[{"href":"https:\/\/gmp.iprospect.com\/sv\/wp-json\/wp\/v2\/pages"}],"about":[{"href":"https:\/\/gmp.iprospect.com\/sv\/wp-json\/wp\/v2\/types\/page"}],"author":[{"embeddable":true,"href":"https:\/\/gmp.iprospect.com\/sv\/wp-json\/wp\/v2\/users\/2"}],"replies":[{"embeddable":true,"href":"https:\/\/gmp.iprospect.com\/sv\/wp-json\/wp\/v2\/comments?post=418"}],"version-history":[{"count":6,"href":"https:\/\/gmp.iprospect.com\/sv\/wp-json\/wp\/v2\/pages\/418\/revisions"}],"predecessor-version":[{"id":894,"href":"https:\/\/gmp.iprospect.com\/sv\/wp-json\/wp\/v2\/pages\/418\/revisions\/894"}],"wp:attachment":[{"href":"https:\/\/gmp.iprospect.com\/sv\/wp-json\/wp\/v2\/media?parent=418"}],"curies":[{"name":"wp","href":"https:\/\/api.w.org\/{rel}","templated":true}]}}