{"id":423,"date":"2021-12-20T13:46:49","date_gmt":"2021-12-20T12:46:49","guid":{"rendered":"https:\/\/iprospectgmp.dk\/?page_id=423"},"modified":"2023-12-11T14:36:09","modified_gmt":"2023-12-11T14:36:09","slug":"search-ads-360","status":"publish","type":"page","link":"https:\/\/gmp.iprospect.com\/sv\/search-ads-360\/","title":{"rendered":"Search Ads 360"},"content":{"rendered":"<p>[et_pb_section fb_built=&#8221;1&#8243; admin_label=&#8221;Category_Header&#8221; _builder_version=&#8221;4.16&#8243; _module_preset=&#8221;default&#8221; global_colors_info=&#8221;{}&#8221;][et_pb_row column_structure=&#8221;3_5,2_5&#8243; _builder_version=&#8221;4.16&#8243; _module_preset=&#8221;default&#8221; global_colors_info=&#8221;{}&#8221;][et_pb_column type=&#8221;3_5&#8243; _builder_version=&#8221;4.16&#8243; _module_preset=&#8221;default&#8221; global_colors_info=&#8221;{}&#8221;][et_pb_text _builder_version=&#8221;4.16&#8243; _module_preset=&#8221;default&#8221; global_colors_info=&#8221;{}&#8221;]<\/p>\n<h1>Search Ads 360<\/h1>\n<p class=\"card-text\">Search Ads 360 samlar dina s\u00f6kannonser p\u00e5 ett st\u00e4lle \u2013 s\u00e5 att du kan spara tid p\u00e5 manuella, tidskr\u00e4vande administrativa uppgifter och ist\u00e4llet anv\u00e4nda den tiden till optimera dina kampanjer.<\/p>\n<p>[\/et_pb_text][et_pb_button button_url=&#8221;#contact&#8221; button_text=&#8221;Kontakta oss&#8221; _builder_version=&#8221;4.17.4&#8243; _module_preset=&#8221;default&#8221; global_colors_info=&#8221;{}&#8221;][\/et_pb_button][\/et_pb_column][et_pb_column type=&#8221;2_5&#8243; _builder_version=&#8221;4.16&#8243; _module_preset=&#8221;default&#8221; global_colors_info=&#8221;{}&#8221;][et_pb_image src=&#8221;http:\/\/iprospectgmp.dk\/wp-content\/uploads\/2021\/12\/Google_Search_Ads_360_logo_500x500-298&#215;300.png&#8221; alt=&#8221;Google Search Ads 360 Logo 500&#215;500&#8243; title_text=&#8221;Google Search Ads 360 Logo 500&#215;500&#8243; _builder_version=&#8221;4.16&#8243; _module_preset=&#8221;default&#8221; global_colors_info=&#8221;{}&#8221;][\/et_pb_image][\/et_pb_column][\/et_pb_row][\/et_pb_section][et_pb_section fb_built=&#8221;1&#8243; admin_label=&#8221;Category_Body&#8221; _builder_version=&#8221;4.16&#8243; _module_preset=&#8221;default&#8221; custom_padding=&#8221;1px|||||&#8221; global_colors_info=&#8221;{}&#8221;][et_pb_row _builder_version=&#8221;4.16&#8243; _module_preset=&#8221;default&#8221; global_colors_info=&#8221;{}&#8221;][et_pb_column type=&#8221;4_4&#8243; _builder_version=&#8221;4.16&#8243; _module_preset=&#8221;default&#8221; global_colors_info=&#8221;{}&#8221;][et_pb_text _builder_version=&#8221;4.16&#8243; _module_preset=&#8221;default&#8221; global_colors_info=&#8221;{}&#8221;]<\/p>\n<h2><strong>Vad \u00e4r Search Ads 360?<\/strong><\/h2>\n<p>Search Ads 360 \u00e4r en del av Google Marketing Platform med syfte att underl\u00e4tta annons\u00f6rens hantering av s\u00f6kannonser i en m\u00e4ngd olika s\u00f6kmotorer, ex. Google Ads, Bing och Microsoft Advertising. Du f\u00e5r tillg\u00e5ng till fler annonskonton och kampanjer i ett integrerat gr\u00e4nssnitt, s\u00e5 att du l\u00e4ttare f\u00e5r en \u00f6verblick av helheten.<\/p>\n<p>N\u00e4r det kommer till s\u00f6kkampanjer \u00e4r detta ett ov\u00e4rderligt verktyg f\u00f6r att effektivisera ditt arbetsfl\u00f6de, uppn\u00e5 v\u00e4rdefull rapportering och inte minst optimera effektiviteten i dina s\u00f6kkampanjer med automatisk budgivning.<\/p>\n<h2><strong>F\u00f6rdelar med Search Ads 360?<\/strong><\/h2>\n<p>Search Ads 360 l\u00e5ter dig dra f\u00f6rdel av Smart Bidding-funktionen, som f\u00f6renklar budgivningsprocessen, vilket sparar tid p\u00e5 administrativa bud\u00e4ndringar och ger dig mer tid till annat. Det betyder att du kan st\u00e4lla in automatiska budgivningsstrategier f\u00f6r olika s\u00f6kmotorer som anv\u00e4nder Googles maskininl\u00e4rningsalgoritmer och deras insikter om konsumentbeteende. Med Smart Bidding kommer bud automatiskt att l\u00e4ggas p\u00e5 de s\u00f6kord du anger baserat p\u00e5 dina \u00f6nskade parametrar, vilket g\u00f6r att du slipper l\u00e4gga bud manuellt f\u00f6r varje s\u00f6kmotor.<\/p>\n<p>Dessutom hj\u00e4lper Search Ads 360 dig att spara tid p\u00e5 administrativa uppgifter som att manuellt bygga s\u00f6kordslistor, budgetar och annonstexter f\u00f6r varje s\u00f6kmotor. Ist\u00e4llet, med n\u00e5gra f\u00e5 klick, kan du synkronisera mellan olika s\u00f6kmotorer med en enda inloggning och ett str\u00f6mlinjeformat gr\u00e4nssnitt. Du har m\u00f6jlighet till massredigering \u2013 b\u00e5de via offline Execl-ark samt i sj\u00e4lva Search Ads 360-systemet. Med funktionen Ad Builder kan du skapa en version av din annons och sedan snabbt och enkelt integrera den i flera kampanjer. Detta g\u00f6r att processen f\u00f6rkortas avsev\u00e4rt d\u00e5 du inte beh\u00f6ver kopiera och klistra in i flera program.<\/p>\n<p>En annan f\u00f6rdel med Search Ads 360 \u00e4r att det kan hj\u00e4lpa dig att f\u00e5 insikt i var dina s\u00f6kannonser visas och hur de positionerar sig i f\u00f6rh\u00e5llande till andra annonser. N\u00e4r en konsument klickar p\u00e5 en av dina s\u00f6kannonser kan det vara bra att veta exakt vad som gjorde att din annons visades i s\u00f6kresultaten s\u00e5 att du kan bygga vidare p\u00e5 det. Dessutom \u00e4r placeringen av din annons v\u00e4rdefull kunskap, och detta beror mycket p\u00e5 budet f\u00f6r det s\u00f6kordet \u2013 som du som sagt kan ange direkt i modulen.<\/p>\n<h2><strong>Varf\u00f6r v\u00e4lja Search Ads 360?<\/strong><\/h2>\n<p>Search Ads 360 samlar dina s\u00f6kannonser p\u00e5 ett st\u00e4lle. Det l\u00e5ter dig spara tid p\u00e5 manuella, redundanta administrativa uppgifter s\u00e5 att du kan investera din tid n\u00e5gon annanstans ist\u00e4llet. Med Smart Bidding-funktionen automatiseras din budgivning baserat p\u00e5 dina preferenser i en m\u00e4ngd olika s\u00f6kmotorer. Du kan g\u00f6ra mass\u00e4ndringar i dina s\u00f6kkampanjer, som snabbt kan synkroniseras med Search Ads 360. Dessutom kan du f\u00e5 en inblick i hur dina s\u00f6kannonser rankas i s\u00f6kresultaten, och vilka s\u00f6kord som drar konsumenter till just dina annonser.<\/p>\n<p>[\/et_pb_text][\/et_pb_column][\/et_pb_row][\/et_pb_section]<\/p>\n","protected":false},"excerpt":{"rendered":"<p>Search Ads 360 Search Ads 360 samlar dina s\u00f6kannonser p\u00e5 ett st\u00e4lle \u2013 s\u00e5 att du kan spara tid p\u00e5 manuella, tidskr\u00e4vande administrativa uppgifter och ist\u00e4llet anv\u00e4nda den tiden till optimera dina kampanjer.Vad \u00e4r Search Ads 360? Search Ads 360 \u00e4r en del av Google Marketing Platform med syfte att underl\u00e4tta annons\u00f6rens hantering av s\u00f6kannonser [&hellip;]<\/p>\n","protected":false},"author":2,"featured_media":0,"parent":0,"menu_order":0,"comment_status":"closed","ping_status":"closed","template":"","meta":{"_et_pb_use_builder":"on","_et_pb_old_content":"","_et_gb_content_width":""},"_links":{"self":[{"href":"https:\/\/gmp.iprospect.com\/sv\/wp-json\/wp\/v2\/pages\/423"}],"collection":[{"href":"https:\/\/gmp.iprospect.com\/sv\/wp-json\/wp\/v2\/pages"}],"about":[{"href":"https:\/\/gmp.iprospect.com\/sv\/wp-json\/wp\/v2\/types\/page"}],"author":[{"embeddable":true,"href":"https:\/\/gmp.iprospect.com\/sv\/wp-json\/wp\/v2\/users\/2"}],"replies":[{"embeddable":true,"href":"https:\/\/gmp.iprospect.com\/sv\/wp-json\/wp\/v2\/comments?post=423"}],"version-history":[{"count":6,"href":"https:\/\/gmp.iprospect.com\/sv\/wp-json\/wp\/v2\/pages\/423\/revisions"}],"predecessor-version":[{"id":877,"href":"https:\/\/gmp.iprospect.com\/sv\/wp-json\/wp\/v2\/pages\/423\/revisions\/877"}],"wp:attachment":[{"href":"https:\/\/gmp.iprospect.com\/sv\/wp-json\/wp\/v2\/media?parent=423"}],"curies":[{"name":"wp","href":"https:\/\/api.w.org\/{rel}","templated":true}]}}