{"id":428,"date":"2021-12-20T13:47:25","date_gmt":"2021-12-20T12:47:25","guid":{"rendered":"https:\/\/iprospectgmp.dk\/?page_id=428"},"modified":"2023-12-11T14:41:25","modified_gmt":"2023-12-11T14:41:25","slug":"tag-manager-360","status":"publish","type":"page","link":"https:\/\/gmp.iprospect.com\/sv\/tag-manager-360\/","title":{"rendered":"Tag Manager 360"},"content":{"rendered":"\n[et_pb_section fb_built=&#8221;1&#8243; admin_label=&#8221;Category_Header&#8221; _builder_version=&#8221;4.16&#8243; _module_preset=&#8221;default&#8221; global_colors_info=&#8221;{}&#8221;][et_pb_row column_structure=&#8221;3_5,2_5&#8243; _builder_version=&#8221;4.16&#8243; _module_preset=&#8221;default&#8221; global_colors_info=&#8221;{}&#8221;][et_pb_column type=&#8221;3_5&#8243; _builder_version=&#8221;4.16&#8243; _module_preset=&#8221;default&#8221; global_colors_info=&#8221;{}&#8221;][et_pb_text _builder_version=&#8221;4.16&#8243; _module_preset=&#8221;default&#8221; global_colors_info=&#8221;{}&#8221;]<h1><span data-contrast=\"auto\" xml:lang=\"DA-DK\" lang=\"DA-DK\" class=\"TextRun SCXW139878779 BCX0\"><span class=\"NormalTextRun SCXW139878779 BCX0\">Tag Manager 360<\/span><\/span><span class=\"EOP SCXW139878779 BCX0\" data-ccp-props=\"{&quot;201341983&quot;:0,&quot;335551550&quot;:2,&quot;335551620&quot;:2,&quot;335559739&quot;:160,&quot;335559740&quot;:240}\">\u00a0<\/span><\/h1>\n<p class=\"card-text\">Tag Manager 360 \u00e4r ett anv\u00e4ndbart verktyg f\u00f6r att hantera dina taggar p\u00e5 dina webbplatser och appar.<\/p>[\/et_pb_text][et_pb_button button_url=&#8221;#contact&#8221; button_text=&#8221;Kontakta oss&#8221; _builder_version=&#8221;4.17.4&#8243; _module_preset=&#8221;default&#8221; global_colors_info=&#8221;{}&#8221;][\/et_pb_button][\/et_pb_column][et_pb_column type=&#8221;2_5&#8243; _builder_version=&#8221;4.16&#8243; _module_preset=&#8221;default&#8221; global_colors_info=&#8221;{}&#8221;][et_pb_image src=&#8221;https:\/\/gmp.iprospect.com\/sv\/wp-content\/uploads\/sites\/6\/2021\/12\/Google_tag_manager_360_logo_highrez-1.png&#8221; alt=&#8221;Google Tag Manager 360 Logo&#8221; title_text=&#8221;Google Tag Manager 360 Logo high resolution&#8221; _builder_version=&#8221;4.16&#8243; _module_preset=&#8221;default&#8221; global_colors_info=&#8221;{}&#8221;][\/et_pb_image][\/et_pb_column][\/et_pb_row][\/et_pb_section][et_pb_section fb_built=&#8221;1&#8243; admin_label=&#8221;Category_Body&#8221; _builder_version=&#8221;4.16&#8243; _module_preset=&#8221;default&#8221; custom_padding=&#8221;1px|||||&#8221; global_colors_info=&#8221;{}&#8221;][et_pb_row _builder_version=&#8221;4.16&#8243; _module_preset=&#8221;default&#8221; global_colors_info=&#8221;{}&#8221;][et_pb_column type=&#8221;4_4&#8243; _builder_version=&#8221;4.16&#8243; _module_preset=&#8221;default&#8221; global_colors_info=&#8221;{}&#8221;][et_pb_text _builder_version=&#8221;4.16&#8243; _module_preset=&#8221;default&#8221; global_colors_info=&#8221;{}&#8221;]<h2><strong>Vad \u00e4r Tag Manager 360?<\/strong><\/h2>\n<p>Med Tag Manager 360 l\u00e4gger du till och uppdatera dina taggar med bara n\u00e5gra klick. Verktyget har en funktion som l\u00e5ter dig h\u00e4mta information om alla dina taggar \u2013 oavsett om de \u00e4r Google Analytics-taggar, tredjepartstaggar eller andra taggar.<\/p>\n<p>Med Tag Manager 360 kan du sp\u00e5ra aktivitet \u00f6ver dina webbplatser och appar bl.a. f\u00f6r att f\u00e5 en inblick i konverteringar och remarketing. Dessutom kan du dra nytta av systemets funktioner som hj\u00e4lper till att s\u00e4kerst\u00e4lla ett effektivt samarbete i ditt team och med resten av organisationen.<\/p>\n<h2><strong>F\u00f6rdelar med Tag Manager 360?<\/strong><\/h2>\n<p>Tag Manager 360 (GTM360) \u00e4r en enkel och \u00f6versk\u00e5dlig plattform, vilket g\u00f6r det till ett anv\u00e4ndbart verktyg f\u00f6r att hantera taggning. GTM 360 l\u00e5ter dig l\u00e4gga till nya taggar samt uppdatera dina taggar regelbundet s\u00e5 att du kan anpassa dem efter dina behov. Detta \u00e4r mycket anv\u00e4ndbart n\u00e4r det kommer till konverteringssp\u00e5rning, analys av dina webbplatser och remarketing. Med Tag Manager 360 \u00e4r det enkelt att samarbeta med dina kollegor, och du kan best\u00e4mma vem som ska ha tillg\u00e5ng till vilka sidor.<\/p>\n<p>Vidare inneh\u00e5ller Tag Manager 360 funktioner som Tag Sequencing, som l\u00e5ter dig v\u00e4lja i vilken ordning dina taggar ska aktiveras. P\u00e5 s\u00e5 s\u00e4tt kan du styra vilken sekvens dina taggar ska f\u00f6lja, s\u00e5 att du har full kontroll \u00f6ver processen.<\/p>\n<p>Dessutom kan du pausa en tagg vilket inneb\u00e4r att den inte aktiveras men \u00e4nd\u00e5 sparas, s\u00e5 att du kan v\u00e4lja att aktivera den vid ett senare tillf\u00e4lle \u2013 medan taggtriggarna fortfarande sparas s\u00e5 att de inte beh\u00f6ver justeras om du \u00e5teraktiverar taggen. Detta \u00e4r idealiskt f\u00f6r kampanjer som \u00e4r tidsinst\u00e4llda eller om du vill utf\u00f6ra fels\u00f6kning.<\/p>\n<p>En annan f\u00f6rdel med Tag Manager 360 \u00e4r m\u00f6jligheten att anv\u00e4nda Container Zoner som ger m\u00f6jlighet att l\u00e5ta t.ex. en extern byr\u00e5 arbeta bara med en viss typ av taggar i en egen container zon p\u00e5 webbplatsen eller begr\u00e4nsa vilka typer av taggar som f\u00e5r hanteras p\u00e5 sidor p\u00e5 siten som hanterar k\u00e4nslig data.<\/p>\n<h2><strong>Varf\u00f6r v\u00e4lja Tag Manager 360?<\/strong><\/h2>\n<p>Tag Manager 360 \u00e4r ett anv\u00e4ndbart verktyg f\u00f6r att hantera dina taggar p\u00e5 dina webbplatser och appar. Det \u00e4r snabbt och enkelt att l\u00e4gga till nya taggar samt att uppdatera befintliga taggar s\u00e5 att du kontinuerligt kan optimera din taggning. Du har m\u00f6jlighet att best\u00e4mma sekvensen av dina taggar s\u00e5 att de aktiveras i den ordning du vill. Dessutom kan du tillf\u00e4lligt inaktivera vissa taggar och sedan starta om dem utan att f\u00f6rlora de triggers du har st\u00e4llt in. Det \u00e4r ocks\u00e5 enkelt att skr\u00e4ddarsy taggar till specifika m\u00e5lgrupper som du v\u00e4ljer, s\u00e5 att den individuella anv\u00e4ndarupplevelsen optimeras.<\/p>[\/et_pb_text][\/et_pb_column][\/et_pb_row][\/et_pb_section]\n","protected":false},"excerpt":{"rendered":"<p>Tag Manager 360\u00a0 Tag Manager 360 \u00e4r ett anv\u00e4ndbart verktyg f\u00f6r att hantera dina taggar p\u00e5 dina webbplatser och appar.Vad \u00e4r Tag Manager 360? Med Tag Manager 360 l\u00e4gger du till och uppdatera dina taggar med bara n\u00e5gra klick. Verktyget har en funktion som l\u00e5ter dig h\u00e4mta information om alla dina taggar \u2013 oavsett om [&hellip;]<\/p>\n","protected":false},"author":2,"featured_media":0,"parent":0,"menu_order":0,"comment_status":"closed","ping_status":"closed","template":"","meta":{"_et_pb_use_builder":"on","_et_pb_old_content":"","_et_gb_content_width":""},"_links":{"self":[{"href":"https:\/\/gmp.iprospect.com\/sv\/wp-json\/wp\/v2\/pages\/428"}],"collection":[{"href":"https:\/\/gmp.iprospect.com\/sv\/wp-json\/wp\/v2\/pages"}],"about":[{"href":"https:\/\/gmp.iprospect.com\/sv\/wp-json\/wp\/v2\/types\/page"}],"author":[{"embeddable":true,"href":"https:\/\/gmp.iprospect.com\/sv\/wp-json\/wp\/v2\/users\/2"}],"replies":[{"embeddable":true,"href":"https:\/\/gmp.iprospect.com\/sv\/wp-json\/wp\/v2\/comments?post=428"}],"version-history":[{"count":7,"href":"https:\/\/gmp.iprospect.com\/sv\/wp-json\/wp\/v2\/pages\/428\/revisions"}],"predecessor-version":[{"id":879,"href":"https:\/\/gmp.iprospect.com\/sv\/wp-json\/wp\/v2\/pages\/428\/revisions\/879"}],"wp:attachment":[{"href":"https:\/\/gmp.iprospect.com\/sv\/wp-json\/wp\/v2\/media?parent=428"}],"curies":[{"name":"wp","href":"https:\/\/api.w.org\/{rel}","templated":true}]}}